{"id":28,"date":"2026-03-05T13:57:31","date_gmt":"2026-03-05T13:57:31","guid":{"rendered":"http:\/\/www.dhktcnct.io.vn\/?page_id=28"},"modified":"2026-03-10T07:17:46","modified_gmt":"2026-03-10T07:17:46","slug":"dao-tao","status":"publish","type":"page","link":"https:\/\/www.dhktcnct.io.vn\/?page_id=28","title":{"rendered":"\u0110\u00e0o t\u1ea1o"},"content":{"rendered":"<div id=\"ccchildpages-1\" class=\"ccchildpages ccflex onecol ccsleek ccclearfix\"><div class=\"ccchildpage  ccodd ccpage-count-1 ccpage-id-22 ccpage-dai-hoc-chinh-qui ccpage-has-parent ccpage-pid-28 ccpage-parent-dao-tao\"><h3 class=\"ccpage_title ccpage_linked_title\" title=\"C\u00e1c ng\u00e0nh \u0111\u00e0o t\u1ea1o \u0111\u1ea1i h\u1ecdc ch\u00ednh quy\"><a class=\"ccpage_title_link\" href=\"https:\/\/www.dhktcnct.io.vn\/?page_id=22\" title=\"C\u00e1c ng\u00e0nh \u0111\u00e0o t\u1ea1o \u0111\u1ea1i h\u1ecdc ch\u00ednh quy\">C\u00e1c ng\u00e0nh \u0111\u00e0o t\u1ea1o \u0111\u1ea1i h\u1ecdc ch\u00ednh quy<\/a><\/h3><div class=\"ccpages_excerpt\">N\u1ed9i dung trang \u0111\u1ea1i h\u1ecdc ch\u00ednh qui<\/div><p class=\"ccpages_more\"><a href=\"https:\/\/www.dhktcnct.io.vn\/?page_id=22\"  title=\"Read more ...\">Read more ...<\/a><\/p><\/div><div class=\"ccchildpage  cceven ccpage-count-2 ccpage-id-24 ccpage-dai-hoc-van-bang-2 ccpage-has-parent ccpage-pid-28 ccpage-parent-dao-tao\"><h3 class=\"ccpage_title ccpage_linked_title\" title=\"\u0110\u00e0o t\u1ea1o \u0111\u1ea1i h\u1ecdc v\u0103n b\u1eb1ng 2\"><a class=\"ccpage_title_link\" href=\"https:\/\/www.dhktcnct.io.vn\/?page_id=24\" title=\"\u0110\u00e0o t\u1ea1o \u0111\u1ea1i h\u1ecdc v\u0103n b\u1eb1ng 2\">\u0110\u00e0o t\u1ea1o \u0111\u1ea1i h\u1ecdc v\u0103n b\u1eb1ng 2<\/a><\/h3><div class=\"ccpages_excerpt\">N\u1ed9i dung \u0111\u1ea1i h\u1ecdc v\u0103n b\u1eb1ng 2<\/div><p class=\"ccpages_more\"><a href=\"https:\/\/www.dhktcnct.io.vn\/?page_id=24\"  title=\"Read more ...\">Read more ...<\/a><\/p><\/div><\/div>\n","protected":false},"excerpt":{"rendered":"","protected":false},"author":1,"featured_media":0,"parent":0,"menu_order":0,"comment_status":"closed","ping_status":"closed","template":"","meta":{"pagelayer_contact_templates":[],"_pagelayer_content":"","footnotes":""},"class_list":["post-28","page","type-page","status-publish","hentry"],"_links":{"self":[{"href":"https:\/\/www.dhktcnct.io.vn\/index.php?rest_route=\/wp\/v2\/pages\/28","targetHints":{"allow":["GET"]}}],"collection":[{"href":"https:\/\/www.dhktcnct.io.vn\/index.php?rest_route=\/wp\/v2\/pages"}],"about":[{"href":"https:\/\/www.dhktcnct.io.vn\/index.php?rest_route=\/wp\/v2\/types\/page"}],"author":[{"embeddable":true,"href":"https:\/\/www.dhktcnct.io.vn\/index.php?rest_route=\/wp\/v2\/users\/1"}],"replies":[{"embeddable":true,"href":"https:\/\/www.dhktcnct.io.vn\/index.php?rest_route=%2Fwp%2Fv2%2Fcomments&post=28"}],"version-history":[{"count":17,"href":"https:\/\/www.dhktcnct.io.vn\/index.php?rest_route=\/wp\/v2\/pages\/28\/revisions"}],"predecessor-version":[{"id":65,"href":"https:\/\/www.dhktcnct.io.vn\/index.php?rest_route=\/wp\/v2\/pages\/28\/revisions\/65"}],"wp:attachment":[{"href":"https:\/\/www.dhktcnct.io.vn\/index.php?rest_route=%2Fwp%2Fv2%2Fmedia&parent=28"}],"curies":[{"name":"wp","href":"https:\/\/api.w.org\/{rel}","templated":true}]}}